{"id":5970,"date":"2023-04-07T11:55:58","date_gmt":"2023-04-07T11:55:58","guid":{"rendered":"https:\/\/fundacioncoloniapirai.org\/tienda\/?post_type=product&#038;p=5970"},"modified":"2023-05-29T19:09:36","modified_gmt":"2023-05-29T19:09:36","slug":"morcilla","status":"publish","type":"product","link":"https:\/\/fundacioncoloniapirai.org\/tienda\/producto\/morcilla\/","title":{"rendered":"Morcilla"},"content":{"rendered":"<p><strong>Descripci\u00f3n:<\/strong><br \/>\nProducto c\u00e1rnico pre-cocido y embutido en tripa natural.<br \/>\nElaborado con sangre, tocino y cuerillo de cerdo, condimentos.<\/p>\n<p><strong>Presentaci\u00f3n:<\/strong><br \/>\nA Granel, Empaque: Propio del Producto.<\/p>\n<p><strong>Vida \u00datil:<\/strong><br \/>\nEn condiciones adecuadas de almacenamiento el producto posee una duraci\u00f3n sanitaria hasta 20 d\u00edas en presentaci\u00f3n a granel el producto.<\/p>\n<p><strong>Modo de Conservaci\u00f3n<\/strong>:<br \/>\nMantener en refrigeraci\u00f3n con una temperatura de 0-5\u00b0C, con una humedad relativa entre 85-90%.<\/p>\n","protected":false},"excerpt":{"rendered":"<p>Descripci\u00f3n:<br \/>\nProducto c\u00e1rnico pre-cocido y embutido en tripa natural.<br \/>\nElaborado con sangre, tocino y cuerillo de cerdo, condimentos.<\/p>\n","protected":false},"featured_media":5971,"comment_status":"open","ping_status":"closed","template":"","meta":{"_et_pb_use_builder":"","_et_pb_old_content":"","_et_gb_content_width":""},"product_brand":[],"product_cat":[53],"product_tag":[90],"class_list":{"0":"post-5970","1":"product","2":"type-product","3":"status-publish","4":"has-post-thumbnail","6":"product_cat-otros_colonia","7":"product_tag-oferta","8":"product_shipping_class-fuera-del-4to-anillo","9":"pa_peso-1barra","10":"pa_peso-1kg","11":"pa_peso-250gr","12":"pa_peso-500gr","13":"pa_peso-750gr","15":"first","16":"instock","17":"shipping-taxable","18":"purchasable","19":"product-type-variable","20":"berocket_lgv_grid","21":"berocket_lgv_list_grid"},"_links":{"self":[{"href":"https:\/\/fundacioncoloniapirai.org\/tienda\/wp-json\/wp\/v2\/product\/5970","targetHints":{"allow":["GET"]}}],"collection":[{"href":"https:\/\/fundacioncoloniapirai.org\/tienda\/wp-json\/wp\/v2\/product"}],"about":[{"href":"https:\/\/fundacioncoloniapirai.org\/tienda\/wp-json\/wp\/v2\/types\/product"}],"replies":[{"embeddable":true,"href":"https:\/\/fundacioncoloniapirai.org\/tienda\/wp-json\/wp\/v2\/comments?post=5970"}],"wp:featuredmedia":[{"embeddable":true,"href":"https:\/\/fundacioncoloniapirai.org\/tienda\/wp-json\/wp\/v2\/media\/5971"}],"wp:attachment":[{"href":"https:\/\/fundacioncoloniapirai.org\/tienda\/wp-json\/wp\/v2\/media?parent=5970"}],"wp:term":[{"taxonomy":"product_brand","embeddable":true,"href":"https:\/\/fundacioncoloniapirai.org\/tienda\/wp-json\/wp\/v2\/product_brand?post=5970"},{"taxonomy":"product_cat","embeddable":true,"href":"https:\/\/fundacioncoloniapirai.org\/tienda\/wp-json\/wp\/v2\/product_cat?post=5970"},{"taxonomy":"product_tag","embeddable":true,"href":"https:\/\/fundacioncoloniapirai.org\/tienda\/wp-json\/wp\/v2\/product_tag?post=5970"}],"curies":[{"name":"wp","href":"https:\/\/api.w.org\/{rel}","templated":true}]}}