{"id":5967,"date":"2023-04-07T11:36:45","date_gmt":"2023-04-07T11:36:45","guid":{"rendered":"https:\/\/fundacioncoloniapirai.org\/tienda\/?post_type=product&#038;p=5967"},"modified":"2023-05-23T16:11:41","modified_gmt":"2023-05-23T16:11:41","slug":"salchicha-franckfurt-12-unidades","status":"publish","type":"product","link":"https:\/\/fundacioncoloniapirai.org\/tienda\/producto\/salchicha-franckfurt-12-unidades\/","title":{"rendered":"Salchicha Franckfurt 12 Unidades"},"content":{"rendered":"<p>Descripci\u00f3n:<br \/>\nProducto c\u00e1rnico cocido y embutido en tripa de colageno.\u00a0 Elaborado con carne de cerdo, condimentos.<\/p>\n<p>Presentaci\u00f3n y Empaque:<br \/>\nEnvasado al vac\u00edo en presentaciones de 430gr Empaque Bolsa para vac\u00edo en poliamida &#8211; polietileno.<\/p>\n<p>Via \u00datil:<br \/>\nEn su empaqueb envasado al vac\u00edo y bajo condiciones adecuadas de alamacenamiento el producto posee duraci\u00f3n sanitaria hasta 45 d\u00edas.<\/p>\n<p>Almacenamiento:<br \/>\nMantener en refrigeraci\u00f3n con una temperatura de 0-5\u00baC, con una humedad relativa entre 85-90%<\/p>\n","protected":false},"excerpt":{"rendered":"<p>Descripci\u00f3n:<br \/>\nProducto c\u00e1rnico cocido y embutido en tripa de colageno.\u00a0 Elaborado con carne de cerdo, condimentos.<\/p>\n","protected":false},"featured_media":5969,"comment_status":"open","ping_status":"closed","template":"","meta":{"_et_pb_use_builder":"","_et_pb_old_content":"","_et_gb_content_width":""},"product_brand":[],"product_cat":[42],"product_tag":[90],"class_list":{"0":"post-5967","1":"product","2":"type-product","3":"status-publish","4":"has-post-thumbnail","6":"product_cat-chorizos_colonia","7":"product_tag-oferta","8":"product_shipping_class-fuera-del-4to-anillo","10":"first","11":"instock","12":"shipping-taxable","13":"purchasable","14":"product-type-simple","15":"berocket_lgv_grid","16":"berocket_lgv_list_grid"},"_links":{"self":[{"href":"https:\/\/fundacioncoloniapirai.org\/tienda\/wp-json\/wp\/v2\/product\/5967","targetHints":{"allow":["GET"]}}],"collection":[{"href":"https:\/\/fundacioncoloniapirai.org\/tienda\/wp-json\/wp\/v2\/product"}],"about":[{"href":"https:\/\/fundacioncoloniapirai.org\/tienda\/wp-json\/wp\/v2\/types\/product"}],"replies":[{"embeddable":true,"href":"https:\/\/fundacioncoloniapirai.org\/tienda\/wp-json\/wp\/v2\/comments?post=5967"}],"wp:featuredmedia":[{"embeddable":true,"href":"https:\/\/fundacioncoloniapirai.org\/tienda\/wp-json\/wp\/v2\/media\/5969"}],"wp:attachment":[{"href":"https:\/\/fundacioncoloniapirai.org\/tienda\/wp-json\/wp\/v2\/media?parent=5967"}],"wp:term":[{"taxonomy":"product_brand","embeddable":true,"href":"https:\/\/fundacioncoloniapirai.org\/tienda\/wp-json\/wp\/v2\/product_brand?post=5967"},{"taxonomy":"product_cat","embeddable":true,"href":"https:\/\/fundacioncoloniapirai.org\/tienda\/wp-json\/wp\/v2\/product_cat?post=5967"},{"taxonomy":"product_tag","embeddable":true,"href":"https:\/\/fundacioncoloniapirai.org\/tienda\/wp-json\/wp\/v2\/product_tag?post=5967"}],"curies":[{"name":"wp","href":"https:\/\/api.w.org\/{rel}","templated":true}]}}